{"id":92,"date":"2022-12-29T16:18:06","date_gmt":"2022-12-29T15:18:06","guid":{"rendered":"https:\/\/leis-it-consulting.de\/?page_id=92"},"modified":"2022-12-29T16:20:42","modified_gmt":"2022-12-29T15:20:42","slug":"partner","status":"publish","type":"page","link":"https:\/\/leis-it-consulting.de\/?page_id=92","title":{"rendered":"Partner"},"content":{"rendered":"\n<p>Auch als selbstst\u00e4ndiger und unabh\u00e4ngiger IT-Freelancer habe ich mit ausgew\u00e4hlten Herstellern Partnerschaften geschlossen, um Ihnen L\u00f6sungsoptionen anbieten zu k\u00f6nnen.<\/p>\n\n\n\n<p>Dazu geh\u00f6ren u.a.:<\/p>\n\n\n\n<div class=\"wp-block-columns is-layout-flex wp-container-core-columns-is-layout-9d6595d7 wp-block-columns-is-layout-flex\">\n<div class=\"wp-block-column is-layout-flow wp-block-column-is-layout-flow\"><div class=\"wp-block-image\">\n<figure class=\"aligncenter size-large\"><img loading=\"lazy\" decoding=\"async\" width=\"1024\" height=\"393\" src=\"https:\/\/leis-it-consulting.de\/wp-content\/uploads\/2022\/12\/Quest-R-PartnerCircle-OrangeDkGrey-RGB-1-1024x393.png\" alt=\"\" class=\"wp-image-99\" srcset=\"https:\/\/leis-it-consulting.de\/wp-content\/uploads\/2022\/12\/Quest-R-PartnerCircle-OrangeDkGrey-RGB-1-1024x393.png 1024w, https:\/\/leis-it-consulting.de\/wp-content\/uploads\/2022\/12\/Quest-R-PartnerCircle-OrangeDkGrey-RGB-1-300x115.png 300w, https:\/\/leis-it-consulting.de\/wp-content\/uploads\/2022\/12\/Quest-R-PartnerCircle-OrangeDkGrey-RGB-1-768x294.png 768w, https:\/\/leis-it-consulting.de\/wp-content\/uploads\/2022\/12\/Quest-R-PartnerCircle-OrangeDkGrey-RGB-1.png 1051w\" sizes=\"auto, (max-width: 706px) 89vw, (max-width: 767px) 82vw, 740px\" \/><\/figure>\n<\/div><\/div>\n\n\n\n<div class=\"wp-block-column is-layout-flow wp-block-column-is-layout-flow\"><div class=\"wp-block-image\">\n<figure class=\"aligncenter size-large is-resized\"><img loading=\"lazy\" decoding=\"async\" src=\"https:\/\/leis-it-consulting.de\/wp-content\/uploads\/2022\/12\/Quest-R-ManagedServiceProvider-OrangeDkGrey-RGB-1-1024x393.png\" alt=\"\" class=\"wp-image-98\" width=\"210\" height=\"80\" srcset=\"https:\/\/leis-it-consulting.de\/wp-content\/uploads\/2022\/12\/Quest-R-ManagedServiceProvider-OrangeDkGrey-RGB-1-1024x393.png 1024w, https:\/\/leis-it-consulting.de\/wp-content\/uploads\/2022\/12\/Quest-R-ManagedServiceProvider-OrangeDkGrey-RGB-1-300x115.png 300w, https:\/\/leis-it-consulting.de\/wp-content\/uploads\/2022\/12\/Quest-R-ManagedServiceProvider-OrangeDkGrey-RGB-1-768x294.png 768w, https:\/\/leis-it-consulting.de\/wp-content\/uploads\/2022\/12\/Quest-R-ManagedServiceProvider-OrangeDkGrey-RGB-1.png 1051w\" sizes=\"auto, (max-width: 210px) 100vw, 210px\" \/><figcaption class=\"wp-element-caption\">Quest Partner &amp; MSP<\/figcaption><\/figure>\n<\/div><\/div>\n\n\n\n<div class=\"wp-block-column is-layout-flow wp-block-column-is-layout-flow\"><div class=\"wp-block-image\">\n<figure class=\"aligncenter size-large is-resized\"><img loading=\"lazy\" decoding=\"async\" src=\"https:\/\/leis-it-consulting.de\/wp-content\/uploads\/2022\/12\/OneIdentityQuest-PartnerCircle-CMYK-1024x334.jpg\" alt=\"\" class=\"wp-image-100\" width=\"250\" height=\"81\" srcset=\"https:\/\/leis-it-consulting.de\/wp-content\/uploads\/2022\/12\/OneIdentityQuest-PartnerCircle-CMYK-1024x334.jpg 1024w, https:\/\/leis-it-consulting.de\/wp-content\/uploads\/2022\/12\/OneIdentityQuest-PartnerCircle-CMYK-300x98.jpg 300w, https:\/\/leis-it-consulting.de\/wp-content\/uploads\/2022\/12\/OneIdentityQuest-PartnerCircle-CMYK-768x251.jpg 768w, https:\/\/leis-it-consulting.de\/wp-content\/uploads\/2022\/12\/OneIdentityQuest-PartnerCircle-CMYK-1536x502.jpg 1536w, https:\/\/leis-it-consulting.de\/wp-content\/uploads\/2022\/12\/OneIdentityQuest-PartnerCircle-CMYK.jpg 1730w\" sizes=\"auto, (max-width: 250px) 100vw, 250px\" \/><\/figure>\n<\/div><\/div>\n<\/div>\n\n\n\n<p><\/p>\n\n\n<div class=\"wp-block-image\">\n<figure class=\"aligncenter size-full\"><img loading=\"lazy\" decoding=\"async\" width=\"215\" height=\"100\" src=\"https:\/\/leis-it-consulting.de\/wp-content\/uploads\/2022\/12\/sophos-global-partner-program-authorized.png\" alt=\"\" class=\"wp-image-93\"\/><figcaption class=\"wp-element-caption\">Sophos Autorized Partner (MSP)<\/figcaption><\/figure>\n<\/div>\n\n<div class=\"wp-block-image\">\n<figure class=\"aligncenter size-full is-resized\"><img loading=\"lazy\" decoding=\"async\" src=\"https:\/\/leis-it-consulting.de\/wp-content\/uploads\/2022\/12\/MAPS_Logo_v1.png\" alt=\"\" class=\"wp-image-94\" width=\"208\" height=\"136\" srcset=\"https:\/\/leis-it-consulting.de\/wp-content\/uploads\/2022\/12\/MAPS_Logo_v1.png 660w, https:\/\/leis-it-consulting.de\/wp-content\/uploads\/2022\/12\/MAPS_Logo_v1-300x197.png 300w\" sizes=\"auto, (max-width: 208px) 100vw, 208px\" \/><figcaption class=\"wp-element-caption\">Microsoft Partner<\/figcaption><\/figure>\n<\/div>","protected":false},"excerpt":{"rendered":"<p>Auch als selbstst\u00e4ndiger und unabh\u00e4ngiger IT-Freelancer habe ich mit ausgew\u00e4hlten Herstellern Partnerschaften geschlossen, um Ihnen L\u00f6sungsoptionen anbieten zu k\u00f6nnen. Dazu geh\u00f6ren u.a.:<\/p>\n","protected":false},"author":2,"featured_media":0,"parent":0,"menu_order":0,"comment_status":"closed","ping_status":"closed","template":"","meta":{"footnotes":""},"class_list":["post-92","page","type-page","status-publish","hentry"],"_links":{"self":[{"href":"https:\/\/leis-it-consulting.de\/index.php?rest_route=\/wp\/v2\/pages\/92","targetHints":{"allow":["GET"]}}],"collection":[{"href":"https:\/\/leis-it-consulting.de\/index.php?rest_route=\/wp\/v2\/pages"}],"about":[{"href":"https:\/\/leis-it-consulting.de\/index.php?rest_route=\/wp\/v2\/types\/page"}],"author":[{"embeddable":true,"href":"https:\/\/leis-it-consulting.de\/index.php?rest_route=\/wp\/v2\/users\/2"}],"replies":[{"embeddable":true,"href":"https:\/\/leis-it-consulting.de\/index.php?rest_route=%2Fwp%2Fv2%2Fcomments&post=92"}],"version-history":[{"count":4,"href":"https:\/\/leis-it-consulting.de\/index.php?rest_route=\/wp\/v2\/pages\/92\/revisions"}],"predecessor-version":[{"id":105,"href":"https:\/\/leis-it-consulting.de\/index.php?rest_route=\/wp\/v2\/pages\/92\/revisions\/105"}],"wp:attachment":[{"href":"https:\/\/leis-it-consulting.de\/index.php?rest_route=%2Fwp%2Fv2%2Fmedia&parent=92"}],"curies":[{"name":"wp","href":"https:\/\/api.w.org\/{rel}","templated":true}]}}