{"id":89,"date":"2022-12-29T15:57:23","date_gmt":"2022-12-29T14:57:23","guid":{"rendered":"https:\/\/leis-it-consulting.de\/?page_id=89"},"modified":"2022-12-29T15:57:23","modified_gmt":"2022-12-29T14:57:23","slug":"projekte","status":"publish","type":"page","link":"https:\/\/leis-it-consulting.de\/?page_id=89","title":{"rendered":"Projekte"},"content":{"rendered":"\n<p>Eine Auswahl meiner bisherigen Projekterfahrungen:<\/p>\n\n\n\n<div class=\"wp-block-group\"><div class=\"wp-block-group__inner-container is-layout-constrained wp-block-group-is-layout-constrained\">\n<h4 class=\"wp-block-heading\">Neukonzeption eines georedundanten Rechenzentrums<\/h4>\n\n\n\n<p>T\u00e4tigkeiten im Projekt:<\/p>\n\n\n\n<ul class=\"wp-block-list\">\n<li>Analyse der bestehenden Umgebung zur Ressourcenplanung und Optimierung<\/li>\n\n\n\n<li>Durchf\u00fchrung einer PoC Installation zur Machbarkeitsanalyse sowie Vorauswahl an Herstellern und L\u00f6sungen<\/li>\n\n\n\n<li>Ableitung der PoC-Testszenarien aus den Anforderungen des produktiv Betriebs und des geplanten Rechenzentrumsbetriebs<\/li>\n\n\n\n<li>Aufnahme der Kundenanforderungen und Ber\u00fccksichtigung der notwendigen Verbesserungen f\u00fcr das neue Rechenzentrum<\/li>\n\n\n\n<li>Konzeption des georedundanten Rechenzentrums mit VMware vSphere Virtualisierung, PureStorage SAN, Veeam Backup&amp;Replication und Quest QoreStor<\/li>\n\n\n\n<li>Planung der Ma\u00dfnahmen zur Verbesserung der IT-Security (Netztrennung, Air gap, Ransomware Schutz)<\/li>\n\n\n\n<li>Planung der Ma\u00dfnahmen zur Steuerung der Verf\u00fcgbarkeit (Hochverf\u00fcgbarkeit, Fehlertoleranz, Applikationsredundanz)<\/li>\n\n\n\n<li>Planung des Aufbaus inkl. Stromverbrauch, K\u00fchlleistung und Verkabelung<\/li>\n\n\n\n<li>Vorstellung der ausgearbeiteten L\u00f6sung \/ Konzeption<\/li>\n\n\n\n<li>Formulierung der Ausschreibungsdokumente f\u00fcr das neue Rechenzentrum<\/li>\n\n\n\n<li>Konzeption und Optimierung des administrativen Aufwands u.a. durch Standardisierung und Automatisierung<\/li>\n\n\n\n<li>Implementation sowie Installation und Konfiguration der L\u00f6sungs-Komponenten<\/li>\n\n\n\n<li>Durchf\u00fchrung der Migration auf die neue Infrastruktur<\/li>\n\n\n\n<li>Planung, Durchf\u00fchrung und Dokumentation von Ausfalltests<\/li>\n\n\n\n<li>Dokumentation des Rechenzentrums inkl. Betriebs- und Notfallhandbuch<\/li>\n<\/ul>\n<\/div><\/div>\n\n\n\n<div class=\"wp-block-group\"><div class=\"wp-block-group__inner-container is-layout-constrained wp-block-group-is-layout-constrained\">\n<h4 class=\"wp-block-heading\">Konzeption und Implementation einer Mobile Device Management L\u00f6sung<\/h4>\n\n\n\n<p>T\u00e4tigkeiten im Projekt:<\/p>\n\n\n\n<ul class=\"wp-block-list\">\n<li>Durchf\u00fchrung von Workshops zur Aufnahme der Kundenanforderungen, speziell in Bezug auf Informationssicherheit und Datenschutz<\/li>\n\n\n\n<li>Konzeption einer MDM-\/MAM-L\u00f6sung mit Citrix XenMobile mit durchgehendem Schutz der gesch\u00e4ftlichen Apps und Daten inkl. Abgrenzung zur Privatnutzung unter Verwendung von verwalteten Apps mit AppVPN und Container-Apps auf Apple iOS mit Apple DEP und VPP<\/li>\n\n\n\n<li>Durchf\u00fchrung PoC des neuen Mobile Device Management Konzepts sowie Umsetzung der Verbesserungen aus Anwenderr\u00fcckmeldungen<\/li>\n\n\n\n<li>Dokumentation des Konzepts sowie der administrativen T\u00e4tigkeiten<\/li>\n\n\n\n<li>Durchf\u00fchrung Workshops mit dem IT-Team zum Rollout des neuen Konzepts<\/li>\n\n\n\n<li>Administration der XenMobile Infrastruktur und Releasemanagement von Apps und iOS-Upgrades<\/li>\n\n\n\n<li>Administration der Authentifikation mit Benutzerzertifikaten (CBA)<\/li>\n\n\n\n<li>Mitentwicklung des und Mitarbeit im App-Freigabeprozess in Bezug auf Informationssicherheit und Datenschutz<\/li>\n<\/ul>\n<\/div><\/div>\n\n\n\n<div class=\"wp-block-group\"><div class=\"wp-block-group__inner-container is-layout-constrained wp-block-group-is-layout-constrained\">\n<h4 class=\"wp-block-heading\">Konzeption und Implementation einer Monitoring-L\u00f6sung<\/h4>\n\n\n\n<p>T\u00e4tigkeiten im Projekt:<\/p>\n\n\n\n<div class=\"wp-block-group\"><div class=\"wp-block-group__inner-container is-layout-constrained wp-block-group-is-layout-constrained\">\n<ul class=\"wp-block-list\">\n<li>Erstellung eines Monitoring Konzepts unter Ber\u00fccksichtigung der Best Practices aus ITIL v3 2011<\/li>\n\n\n\n<li>Konzeption der Monitoring-Struktur basierend auf der CMDB<\/li>\n\n\n\n<li>Konzeption der Monitoring-Metriken auf Grundlage der vereinbarten SLAs und OLAs<\/li>\n\n\n\n<li>Definition der notwendigen Schnittstellen der technischen Monitoring-L\u00f6sung zum Service Desk System<\/li>\n\n\n\n<li>Konzeption des Aufbaus der Monitoring-L\u00f6sung in Bezug auf Verf\u00fcgbarkeit und Lastverteilung<\/li>\n\n\n\n<li>Installation und Konfiguration des PRTG Monitoring Clusters und der Monitoring Probes<\/li>\n\n\n\n<li>Konfiguration der PRTG Monitoring L\u00f6sung entsprechend der Definitionsphase<\/li>\n<\/ul>\n<\/div><\/div>\n<\/div><\/div>\n\n\n\n<div class=\"wp-block-group\"><div class=\"wp-block-group__inner-container is-layout-constrained wp-block-group-is-layout-constrained\">\n<div class=\"wp-block-group\"><div class=\"wp-block-group__inner-container is-layout-constrained wp-block-group-is-layout-constrained\">\n<div class=\"wp-block-group\"><div class=\"wp-block-group__inner-container is-layout-constrained wp-block-group-is-layout-constrained\">\n<h4 class=\"wp-block-heading\">Konzeption und Implementation von Backup &amp; Recovery L\u00f6sungen<\/h4>\n\n\n\n<p>T\u00e4tigkeiten im Projekt:<\/p>\n\n\n\n<ul class=\"wp-block-list\">\n<li>Abstimmung und Aufnahme der Kundenanforderungen<\/li>\n\n\n\n<li>Bestandsaufnahme und Analyse der notwendigen Kapazit\u00e4ten f\u00fcr die Datensicherung<\/li>\n\n\n\n<li>Konzeption der Datensicherung, Auswahl und Anzahl der Sicherungsmedien und-intervalle sowie Datensicherungsstandorte<\/li>\n\n\n\n<li>Implementation der Backup &amp; Recovery L\u00f6sung<\/li>\n\n\n\n<li>Implementation von automatisierten Wiederherstellungstests mit Veeam Sure Backup<\/li>\n\n\n\n<li>Konzeption und Dokumentation der Ma\u00dfnahmen zur Wiederherstellung und Definition von Test-Szenarien<\/li>\n\n\n\n<li>Konzeption der Vorgehensweise im K-Fall<\/li>\n<\/ul>\n<\/div><\/div>\n<\/div><\/div>\n<\/div><\/div>\n\n\n\n<div class=\"wp-block-group\"><div class=\"wp-block-group__inner-container is-layout-constrained wp-block-group-is-layout-constrained\">\n<div class=\"wp-block-group\"><div class=\"wp-block-group__inner-container is-layout-constrained wp-block-group-is-layout-constrained\">\n<div class=\"wp-block-group\"><div class=\"wp-block-group__inner-container is-layout-constrained wp-block-group-is-layout-constrained\">\n<h4 class=\"wp-block-heading\">Erneuerung und Implementation von zentralen, virtualisierten Server-Infrastrukturen<\/h4>\n\n\n\n<p>T\u00e4tigkeiten im Projekt:<\/p>\n\n\n\n<ul class=\"wp-block-list\">\n<li>Abstimmung und Aufnahme der Kundenanforderungen<\/li>\n\n\n\n<li>Bedarfsanalyse basierend auf der Auslastung der bestehenden und abzul\u00f6senden Systeme<\/li>\n\n\n\n<li>Konzeption der virtualisierten Server-Infrastruktur: ben\u00f6tigte Infrastruktur-Ressourcen inkl. Wachstumsreserven<\/li>\n\n\n\n<li>Planung der Ma\u00dfnahmen zur Steuerung der Verf\u00fcgbarkeit (Hochverf\u00fcgbarkeit, Fehlertoleranz, Unterbrechungsfreie Stromversorgung, Backup &amp; Recovery)<\/li>\n\n\n\n<li>Vorstellung der ausgearbeiteten L\u00f6sung \/ Konzeption<\/li>\n\n\n\n<li>Implementation sowie Installation und Konfiguration der L\u00f6sungs-Komponenten<\/li>\n\n\n\n<li>Durchf\u00fchrung der Migration von physikalischen und virtuellen Systemen auf die neue Infrastruktur<\/li>\n\n\n\n<li>Planung, Durchf\u00fchrung und Dokumentation von Ausfalltests<\/li>\n<\/ul>\n<\/div><\/div>\n<\/div><\/div>\n<\/div><\/div>\n\n\n\n<div class=\"wp-block-group\"><div class=\"wp-block-group__inner-container is-layout-constrained wp-block-group-is-layout-constrained\">\n<h4 class=\"wp-block-heading\">Implementation einer System Management und System Deployment L\u00f6sung inkl. Ticket-System und Asset-Management<\/h4>\n\n\n\n<p>T\u00e4tigkeiten im Projekt:<\/p>\n\n\n\n<ul class=\"wp-block-list\">\n<li>Abstimmung und Aufnahme der Kundenanforderungen<\/li>\n\n\n\n<li>Durchf\u00fchrung von Workshops zur Software- und Betriebssystemverteilung und zur Automatisierung von Vorg\u00e4ngen<\/li>\n\n\n\n<li>Implementation der Server-Komponenten und des automatisierten Rollouts der Agent-Software<\/li>\n\n\n\n<li>Konzeption und Implementation eines Rollen-basierten Ansatzes zur Gruppierung von Zielsystemen f\u00fcr Software- und Betriebssystem-Verteilung sowie f\u00fcr das Patch-Management<\/li>\n\n\n\n<li>Konzeption der Asset-Management Struktur in einem Kundenworkshop<\/li>\n\n\n\n<li>Konzeption und Umsetzung der automatisierten Betriebssystem-Verteilung<\/li>\n\n\n\n<li>Automatisierung von Betriebssystem-, Software-Rollout und Patch-Management<\/li>\n\n\n\n<li>Konzeption und Weiterentwicklung eines Ticket-basierten Workflows f\u00fcr Ein- und Austritte von Mitarbeitern auf Grundlage der abgestimmten Prozesse<\/li>\n\n\n\n<li>Konzeption und Implementation der Reporting-Funktion (u.a. Ticket-Auswertung, Asset-Management)<\/li>\n<\/ul>\n<\/div><\/div>\n\n\n\n<div class=\"wp-block-group\"><div class=\"wp-block-group__inner-container is-layout-constrained wp-block-group-is-layout-constrained\">\n<h4 class=\"wp-block-heading\">Erneuerung und Implementation von Netzwerk-Infrastrukturen<\/h4>\n\n\n\n<p>T\u00e4tigkeiten im Projekt:<\/p>\n\n\n\n<ul class=\"wp-block-list\">\n<li>Abstimmung und Aufnahme der Kundenanforderungen<\/li>\n\n\n\n<li>Analyse der aktuell eingesetzten Systeme und genutzten Funktionen<\/li>\n\n\n\n<li>Konzeption der Netzwerktopologie und Ma\u00dfnahmen zur Steigerung der Verf\u00fcgbarkeit<\/li>\n\n\n\n<li>Konfiguration und Tests der Netzwerk-Komponenten<\/li>\n\n\n\n<li>Planung und Durchf\u00fchrung des Austauschs der Komponenten<\/li>\n\n\n\n<li>Erstellung der Projektdokumentation<\/li>\n\n\n\n<li>\u00dcbergabe an den Kunden<\/li>\n\n\n\n<li>Erstellen eines Wartungsplanes f\u00fcr die in Betrieb befindlichen Komponenten sowie vorgehaltener Reserve-Komponenten<\/li>\n<\/ul>\n<\/div><\/div>\n","protected":false},"excerpt":{"rendered":"<p>Eine Auswahl meiner bisherigen Projekterfahrungen: Neukonzeption eines georedundanten Rechenzentrums T\u00e4tigkeiten im Projekt: Konzeption und Implementation einer Mobile Device Management L\u00f6sung T\u00e4tigkeiten im Projekt: Konzeption und Implementation einer Monitoring-L\u00f6sung T\u00e4tigkeiten im Projekt: Konzeption und Implementation von Backup &amp; Recovery L\u00f6sungen T\u00e4tigkeiten im Projekt: Erneuerung und Implementation von zentralen, virtualisierten Server-Infrastrukturen T\u00e4tigkeiten im Projekt: Implementation einer System &hellip; <\/p>\n<p class=\"link-more\"><a href=\"https:\/\/leis-it-consulting.de\/?page_id=89\" class=\"more-link\"><span class=\"screen-reader-text\">\u201eProjekte\u201c <\/span>weiterlesen<\/a><\/p>\n","protected":false},"author":2,"featured_media":0,"parent":0,"menu_order":0,"comment_status":"closed","ping_status":"closed","template":"","meta":{"footnotes":""},"class_list":["post-89","page","type-page","status-publish","hentry"],"_links":{"self":[{"href":"https:\/\/leis-it-consulting.de\/index.php?rest_route=\/wp\/v2\/pages\/89","targetHints":{"allow":["GET"]}}],"collection":[{"href":"https:\/\/leis-it-consulting.de\/index.php?rest_route=\/wp\/v2\/pages"}],"about":[{"href":"https:\/\/leis-it-consulting.de\/index.php?rest_route=\/wp\/v2\/types\/page"}],"author":[{"embeddable":true,"href":"https:\/\/leis-it-consulting.de\/index.php?rest_route=\/wp\/v2\/users\/2"}],"replies":[{"embeddable":true,"href":"https:\/\/leis-it-consulting.de\/index.php?rest_route=%2Fwp%2Fv2%2Fcomments&post=89"}],"version-history":[{"count":1,"href":"https:\/\/leis-it-consulting.de\/index.php?rest_route=\/wp\/v2\/pages\/89\/revisions"}],"predecessor-version":[{"id":90,"href":"https:\/\/leis-it-consulting.de\/index.php?rest_route=\/wp\/v2\/pages\/89\/revisions\/90"}],"wp:attachment":[{"href":"https:\/\/leis-it-consulting.de\/index.php?rest_route=%2Fwp%2Fv2%2Fmedia&parent=89"}],"curies":[{"name":"wp","href":"https:\/\/api.w.org\/{rel}","templated":true}]}}