{"id":26,"date":"2019-12-13T20:29:07","date_gmt":"2019-12-13T19:29:07","guid":{"rendered":"http:\/\/s521716621.online.de\/?page_id=21"},"modified":"2022-12-28T12:40:16","modified_gmt":"2022-12-28T11:40:16","slug":"impressum","status":"publish","type":"page","link":"https:\/\/leis-it-consulting.de\/?page_id=26","title":{"rendered":"Impressum"},"content":{"rendered":"<p style=\"text-align: center;\">Sebastian Leis IT Consulting<br \/>\nInhaber &#8211; Sebastian Leis<\/p>\n<p style=\"text-align: center;\">Hortweg 1<br \/>\n90530 Wendelstein<br \/>\nTelefon-mobil: 0151 \/ 50 66 99 86<br \/>\nE-Mail: sebastian@leis-it-consulting.de<br \/>\nInternet: leis-it-consulting.de<\/p>\n<p style=\"text-align: center;\"><strong><u>Rechtliche Angaben<\/u><\/strong><br \/>\nUSt-IdNr.: DE323807762<\/p>\n<p style=\"text-align: center;\">Gesetzlicher Vertreter:<br \/>\nHerr Sebastian Leis<\/p>\n<p style=\"text-align: center;\"><strong><u>Haftungsausschluss:<\/u><\/strong><br \/>\nDer Anbieter \u00fcbernimmt keine Haftung f\u00fcr die Richtigkeit, Vollst\u00e4ndigkeit und Aktualit\u00e4t der bereit gestellten Informationen. Trotz sorgf\u00e4ltiger inhaltlicher Kontrolle \u00fcbernehmen wir keine Haftung f\u00fcr die Inhalte externer Links. F\u00fcr den Inhalt der verlinkten Seiten sind ausschlie\u00dflich deren Betreiber verantwortlich.<\/p>\n","protected":false},"excerpt":{"rendered":"<p>Sebastian Leis IT Consulting Inhaber &#8211; Sebastian Leis Hortweg 1 90530 Wendelstein Telefon-mobil: 0151 \/ 50 66 99 86 E-Mail: sebastian@leis-it-consulting.de Internet: leis-it-consulting.de Rechtliche Angaben USt-IdNr.: DE323807762 Gesetzlicher Vertreter: Herr Sebastian Leis Haftungsausschluss: Der Anbieter \u00fcbernimmt keine Haftung f\u00fcr die Richtigkeit, Vollst\u00e4ndigkeit und Aktualit\u00e4t der bereit gestellten Informationen. Trotz sorgf\u00e4ltiger inhaltlicher Kontrolle \u00fcbernehmen wir keine &hellip; <\/p>\n<p class=\"link-more\"><a href=\"https:\/\/leis-it-consulting.de\/?page_id=26\" class=\"more-link\"><span class=\"screen-reader-text\">\u201eImpressum\u201c <\/span>weiterlesen<\/a><\/p>\n","protected":false},"author":3,"featured_media":0,"parent":0,"menu_order":0,"comment_status":"closed","ping_status":"closed","template":"","meta":{"footnotes":""},"class_list":["post-26","page","type-page","status-publish","hentry"],"_links":{"self":[{"href":"https:\/\/leis-it-consulting.de\/index.php?rest_route=\/wp\/v2\/pages\/26","targetHints":{"allow":["GET"]}}],"collection":[{"href":"https:\/\/leis-it-consulting.de\/index.php?rest_route=\/wp\/v2\/pages"}],"about":[{"href":"https:\/\/leis-it-consulting.de\/index.php?rest_route=\/wp\/v2\/types\/page"}],"author":[{"embeddable":true,"href":"https:\/\/leis-it-consulting.de\/index.php?rest_route=\/wp\/v2\/users\/3"}],"replies":[{"embeddable":true,"href":"https:\/\/leis-it-consulting.de\/index.php?rest_route=%2Fwp%2Fv2%2Fcomments&post=26"}],"version-history":[{"count":3,"href":"https:\/\/leis-it-consulting.de\/index.php?rest_route=\/wp\/v2\/pages\/26\/revisions"}],"predecessor-version":[{"id":83,"href":"https:\/\/leis-it-consulting.de\/index.php?rest_route=\/wp\/v2\/pages\/26\/revisions\/83"}],"wp:attachment":[{"href":"https:\/\/leis-it-consulting.de\/index.php?rest_route=%2Fwp%2Fv2%2Fmedia&parent=26"}],"curies":[{"name":"wp","href":"https:\/\/api.w.org\/{rel}","templated":true}]}}